{"id":29,"date":"2026-04-25T15:02:23","date_gmt":"2026-04-25T15:02:23","guid":{"rendered":"http:\/\/tasindepola.com\/services\/"},"modified":"2026-05-03T20:58:22","modified_gmt":"2026-05-03T20:58:22","slug":"services","status":"publish","type":"page","link":"https:\/\/tasindepola.com\/tr\/services\/","title":{"rendered":"Hizmetler"},"content":{"rendered":"<div class=\"wp-block-group alignfull is-style-ext-preset--group--natural-1--section has-background-background-color has-background has-global-padding is-layout-constrained wp-container-core-group-is-layout-e955bbaf wp-block-group-is-layout-constrained\" id=\"services\" style=\"margin-top:0;margin-bottom:0;padding-top:var(--wp--preset--spacing--70);padding-bottom:var(--wp--preset--spacing--70)\">\n<h2 class=\"wp-block-heading has-text-align-center ext-animate--on\">G\u00fcvenli Depolama \u00c7\u00f6z\u00fcmlerimizi Ke\u015ffedin<\/h2>\n\n\n\n<p class=\"has-text-align-center ext-animate--on\" style=\"margin-top:1.5rem\">Size kolayl\u0131k ve g\u00f6n\u00fcl rahatl\u0131\u011f\u0131 sa\u011flamak \u00fczere tasarlanm\u0131\u015f, g\u00fcvenli ve esnek depolama se\u00e7eneklerimizi ke\u015ffedin.<\/p>\n\n\n\n<div class=\"wp-block-columns alignwide is-layout-flex wp-container-core-columns-is-layout-08c01c1c wp-block-columns-is-layout-flex\">\n<div class=\"wp-block-column ext-animate--on is-layout-flow wp-block-column-is-layout-flow\">\n<div class=\"wp-block-group is-style-ext-preset--group--natural-1--item-card-1--align-center has-global-padding is-layout-constrained wp-block-group-is-layout-constrained is-style-ext-preset--group--natural-1--item-card-1--align-center--2\">\n<figure class=\"wp-block-image size-large extendify-image-import\"><img loading=\"lazy\" decoding=\"async\" width=\"576\" height=\"1024\" src=\"http:\/\/tasindepola.com\/wp-content\/uploads\/2026\/05\/DJI_20260106204817_0047_D-576x1024.jpg\" alt=\"\" class=\"wp-image-66\" style=\"aspect-ratio:4\/3;object-fit:cover\" srcset=\"https:\/\/tasindepola.com\/wp-content\/uploads\/2026\/05\/DJI_20260106204817_0047_D-576x1024.jpg 576w, https:\/\/tasindepola.com\/wp-content\/uploads\/2026\/05\/DJI_20260106204817_0047_D-169x300.jpg 169w, https:\/\/tasindepola.com\/wp-content\/uploads\/2026\/05\/DJI_20260106204817_0047_D-768x1365.jpg 768w, https:\/\/tasindepola.com\/wp-content\/uploads\/2026\/05\/DJI_20260106204817_0047_D-864x1536.jpg 864w, https:\/\/tasindepola.com\/wp-content\/uploads\/2026\/05\/DJI_20260106204817_0047_D-1152x2048.jpg 1152w, https:\/\/tasindepola.com\/wp-content\/uploads\/2026\/05\/DJI_20260106204817_0047_D-7x12.jpg 7w, https:\/\/tasindepola.com\/wp-content\/uploads\/2026\/05\/DJI_20260106204817_0047_D-scaled.jpg 1440w\" sizes=\"auto, (max-width: 576px) 100vw, 576px\" \/><figcaption class=\"wp-element-caption\">default<\/figcaption><\/figure>\n\n\n\n<div class=\"wp-block-group is-style-default has-global-padding is-layout-constrained wp-block-group-is-layout-constrained\">\n<h3 class=\"wp-block-heading has-text-align-center\">Esnek \u00dcnite Boyutlar\u0131<\/h3>\n\n\n\n<p class=\"has-text-align-center\">E\u015fyalar\u0131n\u0131za m\u00fckemmel \u015fekilde uyacak ve alan\u0131n verimli kullan\u0131m\u0131n\u0131 sa\u011flayacak \u00e7e\u015fitli \u00fcnite boyutlar\u0131 aras\u0131ndan se\u00e7im yap\u0131n.<\/p>\n<\/div>\n<\/div>\n<\/div>\n\n\n\n<div class=\"wp-block-column ext-animate--on is-layout-flow wp-block-column-is-layout-flow\">\n<div class=\"wp-block-group is-style-ext-preset--group--natural-1--item-card-1--align-center has-global-padding is-layout-constrained wp-block-group-is-layout-constrained is-style-ext-preset--group--natural-1--item-card-1--align-center--3\">\n<figure class=\"wp-block-image size-large extendify-image-import\"><img loading=\"lazy\" decoding=\"async\" width=\"1024\" height=\"576\" src=\"http:\/\/tasindepola.com\/wp-content\/uploads\/2026\/05\/DJI_20260106204927_0051_D-1024x576.jpg\" alt=\"\" class=\"wp-image-70\" style=\"aspect-ratio:4\/3;object-fit:cover\" srcset=\"https:\/\/tasindepola.com\/wp-content\/uploads\/2026\/05\/DJI_20260106204927_0051_D-1024x576.jpg 1024w, https:\/\/tasindepola.com\/wp-content\/uploads\/2026\/05\/DJI_20260106204927_0051_D-300x169.jpg 300w, https:\/\/tasindepola.com\/wp-content\/uploads\/2026\/05\/DJI_20260106204927_0051_D-768x432.jpg 768w, https:\/\/tasindepola.com\/wp-content\/uploads\/2026\/05\/DJI_20260106204927_0051_D-1536x864.jpg 1536w, https:\/\/tasindepola.com\/wp-content\/uploads\/2026\/05\/DJI_20260106204927_0051_D-2048x1152.jpg 2048w, https:\/\/tasindepola.com\/wp-content\/uploads\/2026\/05\/DJI_20260106204927_0051_D-18x10.jpg 18w\" sizes=\"auto, (max-width: 1024px) 100vw, 1024px\" \/><figcaption class=\"wp-element-caption\">default<\/figcaption><\/figure>\n\n\n\n<div class=\"wp-block-group is-style-default has-global-padding is-layout-constrained wp-block-group-is-layout-constrained\">\n<h3 class=\"wp-block-heading has-text-align-center\">Ta\u015f\u0131ma yard\u0131m\u0131 dahildir.<\/h3>\n\n\n\n<p class=\"has-text-align-center\">Depolama alan\u0131 kiralama hizmetinize dahil olan profesyonel ta\u015f\u0131ma hizmetlerimizden yararlanarak sorunsuz bir deneyim ya\u015fay\u0131n.<\/p>\n<\/div>\n<\/div>\n<\/div>\n\n\n\n<div class=\"wp-block-column ext-animate--on is-layout-flow wp-block-column-is-layout-flow\">\n<div class=\"wp-block-group is-style-ext-preset--group--natural-1--item-card-1--align-center has-global-padding is-layout-constrained wp-block-group-is-layout-constrained is-style-ext-preset--group--natural-1--item-card-1--align-center--4\">\n<figure class=\"wp-block-image size-large extendify-image-import\"><img loading=\"lazy\" decoding=\"async\" width=\"576\" height=\"1024\" src=\"http:\/\/tasindepola.com\/wp-content\/uploads\/2026\/05\/DJI_20260106204653_0044_D-576x1024.jpg\" alt=\"\" class=\"wp-image-68\" style=\"aspect-ratio:4\/3;object-fit:cover\" srcset=\"https:\/\/tasindepola.com\/wp-content\/uploads\/2026\/05\/DJI_20260106204653_0044_D-576x1024.jpg 576w, https:\/\/tasindepola.com\/wp-content\/uploads\/2026\/05\/DJI_20260106204653_0044_D-169x300.jpg 169w, https:\/\/tasindepola.com\/wp-content\/uploads\/2026\/05\/DJI_20260106204653_0044_D-768x1365.jpg 768w, https:\/\/tasindepola.com\/wp-content\/uploads\/2026\/05\/DJI_20260106204653_0044_D-864x1536.jpg 864w, https:\/\/tasindepola.com\/wp-content\/uploads\/2026\/05\/DJI_20260106204653_0044_D-1152x2048.jpg 1152w, https:\/\/tasindepola.com\/wp-content\/uploads\/2026\/05\/DJI_20260106204653_0044_D-7x12.jpg 7w, https:\/\/tasindepola.com\/wp-content\/uploads\/2026\/05\/DJI_20260106204653_0044_D-scaled.jpg 1440w\" sizes=\"auto, (max-width: 576px) 100vw, 576px\" \/><figcaption class=\"wp-element-caption\">default<\/figcaption><\/figure>\n\n\n\n<div class=\"wp-block-group is-style-default has-global-padding is-layout-constrained wp-block-group-is-layout-constrained\">\n<h3 class=\"wp-block-heading has-text-align-center\">Secure &amp; Reliable Access<\/h3>\n\n\n\n<p class=\"has-text-align-center\">G\u00fcvenlik ve emniyet garantisi sa\u011flayan, g\u00f6zetim alt\u0131nda tutulan tesislerimiz sayesinde depolad\u0131\u011f\u0131n\u0131z e\u015fyalar\u0131n\u0131za istedi\u011finiz zaman eri\u015febilirsiniz.<\/p>\n<\/div>\n<\/div>\n<\/div>\n<\/div>\n<\/div>\n\n\n\n<div class=\"wp-block-group alignfull is-style-ext-preset--group--natural-1--section ext-animate--on has-background-background-color has-background has-global-padding is-layout-constrained wp-container-core-group-is-layout-ab56ae29 wp-block-group-is-layout-constrained\" id=\"book-now\" style=\"margin-top:0;margin-bottom:0;padding-top:var(--wp--preset--spacing--70);padding-bottom:var(--wp--preset--spacing--70)\">\n<h2 class=\"wp-block-heading has-text-align-center ext-animate--on\">Depolama \u00fcnitenizi kolayca ay\u0131rt\u0131n.<\/h2>\n\n\n\n<p class=\"has-text-align-center ext-animate--on\" style=\"margin-top:1.5rem\">Depolama \u00fcnitenizi \u00e7evrimi\u00e7i veya telefonla kolayca rezerve edin; sorunsuz ve stressiz bir rezervasyon deneyimi i\u00e7in net talimatlar ve destek sa\u011flanmaktad\u0131r.<\/p>\n<\/div>","protected":false},"excerpt":{"rendered":"<p>Explore Our Secure Storage Solutions Discover our range of secure, flexible storage options designed for your convenience and peace of mind. Flexible Unit Sizes Choose from various unit sizes to perfectly fit your belongings, ensuring efficient use of space. Included Moving Assistance Benefit from our professional moving services included with your storage rental for a [&hellip;]<\/p>\n","protected":false},"author":1,"featured_media":0,"parent":0,"menu_order":0,"comment_status":"closed","ping_status":"closed","template":"page-with-title","meta":{"footnotes":""},"class_list":["post-29","page","type-page","status-publish","hentry"],"_links":{"self":[{"href":"https:\/\/tasindepola.com\/tr\/wp-json\/wp\/v2\/pages\/29","targetHints":{"allow":["GET"]}}],"collection":[{"href":"https:\/\/tasindepola.com\/tr\/wp-json\/wp\/v2\/pages"}],"about":[{"href":"https:\/\/tasindepola.com\/tr\/wp-json\/wp\/v2\/types\/page"}],"author":[{"embeddable":true,"href":"https:\/\/tasindepola.com\/tr\/wp-json\/wp\/v2\/users\/1"}],"replies":[{"embeddable":true,"href":"https:\/\/tasindepola.com\/tr\/wp-json\/wp\/v2\/comments?post=29"}],"version-history":[{"count":3,"href":"https:\/\/tasindepola.com\/tr\/wp-json\/wp\/v2\/pages\/29\/revisions"}],"predecessor-version":[{"id":73,"href":"https:\/\/tasindepola.com\/tr\/wp-json\/wp\/v2\/pages\/29\/revisions\/73"}],"wp:attachment":[{"href":"https:\/\/tasindepola.com\/tr\/wp-json\/wp\/v2\/media?parent=29"}],"curies":[{"name":"wp","href":"https:\/\/api.w.org\/{rel}","templated":true}]}}